
{"id":293,"date":"2018-06-05T20:21:51","date_gmt":"2018-06-05T20:21:51","guid":{"rendered":"http:\/\/67.205.179.166\/?page_id=220"},"modified":"2024-11-25T14:52:24","modified_gmt":"2024-11-25T20:52:24","slug":"contact","status":"publish","type":"page","link":"https:\/\/clinvest.com\/es\/contact\/","title":{"rendered":"Contacto"},"content":{"rendered":"<h1>Contacte a Clinvest Research<\/h1>\r\n<p>P\u00f3ngase en contacto con nosotros para obtener m\u00e1s informaci\u00f3n. Le responderemos lo antes posible.<\/p>\r\n<p><iframe data-src=\"https:\/\/www.google.com\/maps\/embed?pb=!1m18!1m12!1m3!1d3180.842087611564!2d-93.27816974892056!3d37.132671756514306!2m3!1f0!2f0!3f0!3m2!1i1024!2i768!4f13.1!3m3!1m2!1s0x87cf64156c7bc0ad%3A0x98f1d455368da7a3!2sClinvest%20Research!5e0!3m2!1sen!2sus!4v1632316202114!5m2!1sen!2sus\" width=\"100%\" height=\"250\" allowfullscreen=\"allowfullscreen\" src=\"data:image\/svg+xml;base64,PHN2ZyB3aWR0aD0iMSIgaGVpZ2h0PSIxIiB4bWxucz0iaHR0cDovL3d3dy53My5vcmcvMjAwMC9zdmciPjwvc3ZnPg==\" class=\"lazyload\" data-load-mode=\"1\"><\/iframe><\/p>\r\n<h4>N\u00famero Telef\u00f3nico<\/h4>\r\n<p><a href=\"tel:4178837889\">(417) 883-7889<\/a><\/p>\r\n<h4>Direcci\u00f3n<\/h4>\r\n<p>909 E Republic Rd<br \/>Building D 200<br \/>Springfield, MO 65807<\/p>\r\n<h4>Horario de Oficina<\/h4>\r\n<p>Mon &#8211; Thur: 7 am &#8211; 5 pm<br \/>Fri: 7 am &#8211; 12 pm<br \/>Sab: CERRADO<br \/>Dom: CERRADO<\/p>\r\n<!--e1225ccb-->","protected":false},"excerpt":{"rendered":"<p>Contact Clinvest Research Contact us for more information. We will respond as soon as possible! Phone Number (417) 883-7889 Address 909 E Republic RdBuilding D 200Springfield, MO 65807 Office Hours Mon &#8211; Thur: 7 am &#8211; 5 pmFri: 7 am &#8211; 12 pmSat: CLOSEDSun: CLOSED<\/p>","protected":false},"author":1,"featured_media":0,"parent":0,"menu_order":0,"comment_status":"closed","ping_status":"closed","template":"","meta":{"_acf_changed":false,"footnotes":""},"class_list":["post-293","page","type-page","status-publish","hentry"],"acf":[],"yoast_head":"<!-- This site is optimized with the Yoast SEO plugin v27.3 - https:\/\/yoast.com\/product\/yoast-seo-wordpress\/ -->\n<title>Contact - Clinvest Research<\/title>\n<meta name=\"description\" content=\"Contact us for more information. We will respond as soon as possible!\" \/>\n<meta name=\"robots\" content=\"index, follow, max-snippet:-1, max-image-preview:large, max-video-preview:-1\" \/>\n<link rel=\"canonical\" href=\"https:\/\/clinvest.com\/es\/contact\/\" \/>\n<meta property=\"og:locale\" content=\"es_MX\" \/>\n<meta property=\"og:type\" content=\"article\" \/>\n<meta property=\"og:title\" content=\"Contact - Clinvest Research\" \/>\n<meta property=\"og:description\" content=\"Contact us for more information. We will respond as soon as possible!\" \/>\n<meta property=\"og:url\" content=\"https:\/\/clinvest.com\/es\/contact\/\" \/>\n<meta property=\"og:site_name\" content=\"Clinvest Research\" \/>\n<meta property=\"article:publisher\" content=\"https:\/\/www.facebook.com\/ClinvestResearch\/\" \/>\n<meta property=\"article:modified_time\" content=\"2024-11-25T20:52:24+00:00\" \/>\n<meta name=\"twitter:card\" content=\"summary_large_image\" \/>\n<meta name=\"twitter:site\" content=\"@Clinvest417\" \/>\n<meta name=\"twitter:label1\" content=\"Tiempo de lectura\" \/>\n\t<meta name=\"twitter:data1\" content=\"1 minuto\" \/>\n<script type=\"application\/ld+json\" class=\"yoast-schema-graph\">{\"@context\":\"https:\\\/\\\/schema.org\",\"@graph\":[{\"@type\":[\"WebPage\",\"ContactPage\"],\"@id\":\"https:\\\/\\\/clinvest.com\\\/contact\\\/\",\"url\":\"https:\\\/\\\/clinvest.com\\\/contact\\\/\",\"name\":\"Contact - Clinvest Research\",\"isPartOf\":{\"@id\":\"https:\\\/\\\/clinvest.com\\\/#website\"},\"datePublished\":\"2018-06-05T20:21:51+00:00\",\"dateModified\":\"2024-11-25T20:52:24+00:00\",\"description\":\"Contact us for more information. We will respond as soon as possible!\",\"breadcrumb\":{\"@id\":\"https:\\\/\\\/clinvest.com\\\/contact\\\/#breadcrumb\"},\"inLanguage\":\"es\",\"potentialAction\":[{\"@type\":\"ReadAction\",\"target\":[\"https:\\\/\\\/clinvest.com\\\/contact\\\/\"]}]},{\"@type\":\"BreadcrumbList\",\"@id\":\"https:\\\/\\\/clinvest.com\\\/contact\\\/#breadcrumb\",\"itemListElement\":[{\"@type\":\"ListItem\",\"position\":1,\"name\":\"Home\",\"item\":\"https:\\\/\\\/clinvest.com\\\/\"},{\"@type\":\"ListItem\",\"position\":2,\"name\":\"Contact\"}]},{\"@type\":\"WebSite\",\"@id\":\"https:\\\/\\\/clinvest.com\\\/#website\",\"url\":\"https:\\\/\\\/clinvest.com\\\/\",\"name\":\"Clinvest Research\",\"description\":\"Clinical Research in Springfield, MO\",\"publisher\":{\"@id\":\"https:\\\/\\\/clinvest.com\\\/#organization\"},\"potentialAction\":[{\"@type\":\"SearchAction\",\"target\":{\"@type\":\"EntryPoint\",\"urlTemplate\":\"https:\\\/\\\/clinvest.com\\\/?s={search_term_string}\"},\"query-input\":{\"@type\":\"PropertyValueSpecification\",\"valueRequired\":true,\"valueName\":\"search_term_string\"}}],\"inLanguage\":\"es\"},{\"@type\":\"Organization\",\"@id\":\"https:\\\/\\\/clinvest.com\\\/#organization\",\"name\":\"Clinvest Research\",\"url\":\"https:\\\/\\\/clinvest.com\\\/\",\"logo\":{\"@type\":\"ImageObject\",\"inLanguage\":\"es\",\"@id\":\"https:\\\/\\\/clinvest.com\\\/#\\\/schema\\\/logo\\\/image\\\/\",\"url\":\"https:\\\/\\\/clinvest.com\\\/wp-content\\\/uploads\\\/2021\\\/08\\\/clinvest_plain_logo.png\",\"contentUrl\":\"https:\\\/\\\/clinvest.com\\\/wp-content\\\/uploads\\\/2021\\\/08\\\/clinvest_plain_logo.png\",\"width\":956,\"height\":295,\"caption\":\"Clinvest Research\"},\"image\":{\"@id\":\"https:\\\/\\\/clinvest.com\\\/#\\\/schema\\\/logo\\\/image\\\/\"},\"sameAs\":[\"https:\\\/\\\/www.facebook.com\\\/ClinvestResearch\\\/\",\"https:\\\/\\\/x.com\\\/Clinvest417\",\"https:\\\/\\\/www.instagram.com\\\/clinvest417\",\"https:\\\/\\\/www.linkedin.com\\\/company\\\/clinvest-research-llc.\"]}]}<\/script>\n<!-- \/ Yoast SEO plugin. -->","yoast_head_json":{"title":"Contact - Clinvest Research","description":"P\u00f3ngase en contacto con nosotros para obtener m\u00e1s informaci\u00f3n. Le responderemos lo antes posible.","robots":{"index":"index","follow":"follow","max-snippet":"max-snippet:-1","max-image-preview":"max-image-preview:large","max-video-preview":"max-video-preview:-1"},"canonical":"https:\/\/clinvest.com\/es\/contact\/","og_locale":"es_MX","og_type":"article","og_title":"Contact - Clinvest Research","og_description":"Contact us for more information. We will respond as soon as possible!","og_url":"https:\/\/clinvest.com\/es\/contact\/","og_site_name":"Clinvest Research","article_publisher":"https:\/\/www.facebook.com\/ClinvestResearch\/","article_modified_time":"2024-11-25T20:52:24+00:00","twitter_card":"summary_large_image","twitter_site":"@Clinvest417","twitter_misc":{"Tiempo de lectura":"1 minuto"},"schema":{"@context":"https:\/\/schema.org","@graph":[{"@type":["WebPage","ContactPage"],"@id":"https:\/\/clinvest.com\/contact\/","url":"https:\/\/clinvest.com\/contact\/","name":"Contact - Clinvest Research","isPartOf":{"@id":"https:\/\/clinvest.com\/#website"},"datePublished":"2018-06-05T20:21:51+00:00","dateModified":"2024-11-25T20:52:24+00:00","description":"P\u00f3ngase en contacto con nosotros para obtener m\u00e1s informaci\u00f3n. Le responderemos lo antes posible.","breadcrumb":{"@id":"https:\/\/clinvest.com\/contact\/#breadcrumb"},"inLanguage":"es","potentialAction":[{"@type":"ReadAction","target":["https:\/\/clinvest.com\/contact\/"]}]},{"@type":"BreadcrumbList","@id":"https:\/\/clinvest.com\/contact\/#breadcrumb","itemListElement":[{"@type":"ListItem","position":1,"name":"Home","item":"https:\/\/clinvest.com\/"},{"@type":"ListItem","position":2,"name":"Contact"}]},{"@type":"WebSite","@id":"https:\/\/clinvest.com\/#website","url":"https:\/\/clinvest.com\/","name":"Clinvest Research","description":"Clinical Research in Springfield, MO","publisher":{"@id":"https:\/\/clinvest.com\/#organization"},"potentialAction":[{"@type":"SearchAction","target":{"@type":"EntryPoint","urlTemplate":"https:\/\/clinvest.com\/?s={search_term_string}"},"query-input":{"@type":"PropertyValueSpecification","valueRequired":true,"valueName":"search_term_string"}}],"inLanguage":"es"},{"@type":"Organization","@id":"https:\/\/clinvest.com\/#organization","name":"Clinvest Research","url":"https:\/\/clinvest.com\/","logo":{"@type":"ImageObject","inLanguage":"es","@id":"https:\/\/clinvest.com\/#\/schema\/logo\/image\/","url":"https:\/\/clinvest.com\/wp-content\/uploads\/2021\/08\/clinvest_plain_logo.png","contentUrl":"https:\/\/clinvest.com\/wp-content\/uploads\/2021\/08\/clinvest_plain_logo.png","width":956,"height":295,"caption":"Clinvest Research"},"image":{"@id":"https:\/\/clinvest.com\/#\/schema\/logo\/image\/"},"sameAs":["https:\/\/www.facebook.com\/ClinvestResearch\/","https:\/\/x.com\/Clinvest417","https:\/\/www.instagram.com\/clinvest417","https:\/\/www.linkedin.com\/company\/clinvest-research-llc."]}]}},"_links":{"self":[{"href":"https:\/\/clinvest.com\/es\/wp-json\/wp\/v2\/pages\/293","targetHints":{"allow":["GET"]}}],"collection":[{"href":"https:\/\/clinvest.com\/es\/wp-json\/wp\/v2\/pages"}],"about":[{"href":"https:\/\/clinvest.com\/es\/wp-json\/wp\/v2\/types\/page"}],"author":[{"embeddable":true,"href":"https:\/\/clinvest.com\/es\/wp-json\/wp\/v2\/users\/1"}],"replies":[{"embeddable":true,"href":"https:\/\/clinvest.com\/es\/wp-json\/wp\/v2\/comments?post=293"}],"version-history":[{"count":9,"href":"https:\/\/clinvest.com\/es\/wp-json\/wp\/v2\/pages\/293\/revisions"}],"predecessor-version":[{"id":8435,"href":"https:\/\/clinvest.com\/es\/wp-json\/wp\/v2\/pages\/293\/revisions\/8435"}],"wp:attachment":[{"href":"https:\/\/clinvest.com\/es\/wp-json\/wp\/v2\/media?parent=293"}],"curies":[{"name":"wp","href":"https:\/\/api.w.org\/{rel}","templated":true}]}}